{"id":1329,"date":"2021-10-05T17:23:54","date_gmt":"2021-10-05T17:23:54","guid":{"rendered":"https:\/\/hbexperts-conseils.ca\/services\/"},"modified":"2025-01-28T16:54:19","modified_gmt":"2025-01-28T16:54:19","slug":"nos-services","status":"publish","type":"page","link":"https:\/\/hbexperts-conseils.ca\/fr\/nos-services\/","title":{"rendered":"Nos Services"},"content":{"rendered":"\t\t<div data-elementor-type=\"wp-page\" data-elementor-id=\"1329\" class=\"elementor elementor-1329 elementor-47\" data-elementor-post-type=\"page\">\n\t\t\t\t\t\t<section class=\"elementor-section elementor-top-section elementor-element elementor-element-533aeaa elementor-section-height-min-height elementor-section-boxed elementor-section-height-default elementor-section-items-middle\" data-id=\"533aeaa\" data-element_type=\"section\" data-e-type=\"section\" data-settings=\"{&quot;background_background&quot;:&quot;classic&quot;}\">\n\t\t\t\t\t\t<div class=\"elementor-container elementor-column-gap-default\">\n\t\t\t\t\t<div class=\"elementor-column elementor-col-100 elementor-top-column elementor-element elementor-element-6b6a543\" data-id=\"6b6a543\" data-element_type=\"column\" data-e-type=\"column\">\n\t\t\t<div class=\"elementor-widget-wrap elementor-element-populated\">\n\t\t\t\t\t\t<div class=\"elementor-element elementor-element-9863aa8 elementor-widget elementor-widget-heading\" data-id=\"9863aa8\" data-element_type=\"widget\" data-e-type=\"widget\" data-widget_type=\"heading.default\">\n\t\t\t\t<div class=\"elementor-widget-container\">\n\t\t\t\t\t<h1 class=\"elementor-heading-title elementor-size-default\">Nos Services<\/h1>\t\t\t\t<\/div>\n\t\t\t\t<\/div>\n\t\t\t\t<div class=\"elementor-element elementor-element-b82fca7 elementor-widget elementor-widget-text-editor\" data-id=\"b82fca7\" data-element_type=\"widget\" data-e-type=\"widget\" data-widget_type=\"text-editor.default\">\n\t\t\t\t<div class=\"elementor-widget-container\">\n\t\t\t\t\t\t\t\t\tLa protection de votre b\u00e2timent est notre priorit\u00e9. Nous inspectons, corrigeons et prot\u00e9geons votre b\u00e2timent et ses diff\u00e9rents composants. Nous d\u00e9veloppons des plans strat\u00e9giques personnalis\u00e9s pour nos clients. Votre b\u00e2timent est unique et nos plans le sont aussi.\t\t\t\t\t\t\t\t<\/div>\n\t\t\t\t<\/div>\n\t\t\t\t\t<\/div>\n\t\t<\/div>\n\t\t\t\t\t<\/div>\n\t\t<\/section>\n\t\t\t\t<section class=\"elementor-section elementor-top-section elementor-element elementor-element-3368e7a elementor-section-content-bottom elementor-section-boxed elementor-section-height-default elementor-section-height-default\" data-id=\"3368e7a\" data-element_type=\"section\" data-e-type=\"section\">\n\t\t\t\t\t\t<div class=\"elementor-container elementor-column-gap-default\">\n\t\t\t\t\t<div class=\"elementor-column elementor-col-50 elementor-top-column elementor-element elementor-element-ba34f46\" data-id=\"ba34f46\" data-element_type=\"column\" data-e-type=\"column\">\n\t\t\t<div class=\"elementor-widget-wrap elementor-element-populated\">\n\t\t\t\t\t\t<div class=\"elementor-element elementor-element-3710006 elementor-widget elementor-widget-heading\" data-id=\"3710006\" data-element_type=\"widget\" data-e-type=\"widget\" data-widget_type=\"heading.default\">\n\t\t\t\t<div class=\"elementor-widget-container\">\n\t\t\t\t\t<h4 class=\"elementor-heading-title elementor-size-default\">En savoir plus sur nos services<\/h4>\t\t\t\t<\/div>\n\t\t\t\t<\/div>\n\t\t\t\t<div class=\"elementor-element elementor-element-a45d1c8 elementor-widget elementor-widget-text-editor\" data-id=\"a45d1c8\" data-element_type=\"widget\" data-e-type=\"widget\" data-widget_type=\"text-editor.default\">\n\t\t\t\t<div class=\"elementor-widget-container\">\n\t\t\t\t\t\t\t\t\t<p>Avec plus de 60 ans d&rsquo;exp\u00e9rience dans le domaine de la toiture, de l&rsquo;enveloppe et du pavage de b\u00e2timents commerciaux, industriels et de bureaux, nos experts ont les comp\u00e9tences et les connaissances n\u00e9cessaires pour vous fournir des services et des mat\u00e9riaux de la plus haute qualit\u00e9. Des programmes d&rsquo;entretien efficaces, bien inform\u00e9s et respectueux des budgets sont notre principal objectif. Gr\u00e2ce \u00e0 nos nombreux services, nous cherchons \u00e0 r\u00e9pondre \u00e0 vos besoins en vous offrant des conseils et un service d&rsquo;expert.<\/p><p>Notre objectif chez HB Experts-Conseils est de vous fournir des connaissances, une protection et une durabilit\u00e9 pour vous et votre b\u00e2timent !<\/p><p>Quelle que soit la situation, nous sommes pr\u00eats.<\/p>\t\t\t\t\t\t\t\t<\/div>\n\t\t\t\t<\/div>\n\t\t\t\t\t<\/div>\n\t\t<\/div>\n\t\t\t\t<div class=\"elementor-column elementor-col-50 elementor-top-column elementor-element elementor-element-fca956e\" data-id=\"fca956e\" data-element_type=\"column\" data-e-type=\"column\">\n\t\t\t<div class=\"elementor-widget-wrap elementor-element-populated\">\n\t\t\t\t\t\t<div class=\"elementor-element elementor-element-1c685ab elementor-widget elementor-widget-image\" data-id=\"1c685ab\" data-element_type=\"widget\" data-e-type=\"widget\" data-widget_type=\"image.default\">\n\t\t\t\t<div class=\"elementor-widget-container\">\n\t\t\t\t\t\t\t\t\t\t\t\t\t\t\t<img fetchpriority=\"high\" decoding=\"async\" width=\"800\" height=\"971\" src=\"https:\/\/hbexperts-conseils.ca\/wp-content\/uploads\/2021\/10\/Services-intro-image-844x1024.jpg\" class=\"attachment-large size-large wp-image-1159\" alt=\"\" srcset=\"https:\/\/hbexperts-conseils.ca\/wp-content\/uploads\/2021\/10\/Services-intro-image-844x1024.jpg 844w, https:\/\/hbexperts-conseils.ca\/wp-content\/uploads\/2021\/10\/Services-intro-image-247x300.jpg 247w, https:\/\/hbexperts-conseils.ca\/wp-content\/uploads\/2021\/10\/Services-intro-image-768x932.jpg 768w, https:\/\/hbexperts-conseils.ca\/wp-content\/uploads\/2021\/10\/Services-intro-image.jpg 1160w\" sizes=\"(max-width: 800px) 100vw, 800px\" \/>\t\t\t\t\t\t\t\t\t\t\t\t\t\t\t<\/div>\n\t\t\t\t<\/div>\n\t\t\t\t\t<\/div>\n\t\t<\/div>\n\t\t\t\t\t<\/div>\n\t\t<\/section>\n\t\t\t\t<\/div>\n\t\t","protected":false},"excerpt":{"rendered":"<p>Nos Services La protection de votre b\u00e2timent est notre priorit\u00e9. Nous inspectons, corrigeons et prot\u00e9geons votre b\u00e2timent et ses diff\u00e9rents composants. Nous d\u00e9veloppons des plans strat\u00e9giques personnalis\u00e9s pour nos clients. Votre b\u00e2timent est unique et nos plans le sont aussi. En savoir plus sur nos services Avec plus de 60 ans d&rsquo;exp\u00e9rience dans le domaine [&hellip;]<\/p>\n","protected":false},"author":1,"featured_media":0,"parent":0,"menu_order":0,"comment_status":"closed","ping_status":"closed","template":"elementor_header_footer","meta":{"footnotes":""},"class_list":["post-1329","page","type-page","status-publish","hentry"],"_links":{"self":[{"href":"https:\/\/hbexperts-conseils.ca\/fr\/wp-json\/wp\/v2\/pages\/1329","targetHints":{"allow":["GET"]}}],"collection":[{"href":"https:\/\/hbexperts-conseils.ca\/fr\/wp-json\/wp\/v2\/pages"}],"about":[{"href":"https:\/\/hbexperts-conseils.ca\/fr\/wp-json\/wp\/v2\/types\/page"}],"author":[{"embeddable":true,"href":"https:\/\/hbexperts-conseils.ca\/fr\/wp-json\/wp\/v2\/users\/1"}],"replies":[{"embeddable":true,"href":"https:\/\/hbexperts-conseils.ca\/fr\/wp-json\/wp\/v2\/comments?post=1329"}],"version-history":[{"count":42,"href":"https:\/\/hbexperts-conseils.ca\/fr\/wp-json\/wp\/v2\/pages\/1329\/revisions"}],"predecessor-version":[{"id":1907,"href":"https:\/\/hbexperts-conseils.ca\/fr\/wp-json\/wp\/v2\/pages\/1329\/revisions\/1907"}],"wp:attachment":[{"href":"https:\/\/hbexperts-conseils.ca\/fr\/wp-json\/wp\/v2\/media?parent=1329"}],"curies":[{"name":"wp","href":"https:\/\/api.w.org\/{rel}","templated":true}]}}